{"id":922,"date":"2024-01-25T10:31:56","date_gmt":"2024-01-25T15:31:56","guid":{"rendered":"https:\/\/mayfairtavern.ca\/beverages\/"},"modified":"2024-02-12T09:22:22","modified_gmt":"2024-02-12T14:22:22","slug":"breuvages","status":"publish","type":"page","link":"https:\/\/mayfairtavern.ca\/fr\/breuvages\/","title":{"rendered":"BREUVAGES"},"content":{"rendered":"<div class=\"wpb-content-wrapper\">[mk_page_section bg_image=\u00a0\u00bbhttps:\/\/mayfairtavern.ca\/wp-content\/uploads\/2024\/01\/mayfair-quarts-2000&#215;1500-1.jpg\u00a0\u00bb bg_position=\u00a0\u00bbcenter center\u00a0\u00bb bg_repeat=\u00a0\u00bbno-repeat\u00a0\u00bb bg_stretch=\u00a0\u00bbtrue\u00a0\u00bb video_color_mask=\u00a0\u00bb#000000&Prime; min_height=\u00a0\u00bb400&Prime; full_width=\u00a0\u00bbtrue\u00a0\u00bb sidebar=\u00a0\u00bbsidebar-1&Prime;][vc_column][mk_fancy_title size=\u00a0\u00bb40&Prime; font_weight=\u00a0\u00bbbold\u00a0\u00bb margin_top=\u00a0\u00bb200&Prime; font_family=\u00a0\u00bbMontserrat\u00a0\u00bb font_type=\u00a0\u00bbgoogle\u00a0\u00bb align=\u00a0\u00bbcenter\u00a0\u00bb]<span style=\"color: #ffffff;\">Soif? Nous pouvons arranger cela!<\/span>[\/mk_fancy_title][\/vc_column][\/mk_page_section][mk_page_section][vc_column][mk_fancy_title size=\u00a0\u00bb30&Prime; font_weight=\u00a0\u00bb600&Prime; margin_top=\u00a0\u00bb25&Prime; font_family=\u00a0\u00bbnone\u00a0\u00bb]Bi\u00e8re, vin, boissons m\u00e9lang\u00e9es ou cocktails, quel que soit votre plaisir, nos sympathiques &lsquo;bartender&rsquo; professionnels s&rsquo;en chargeront ![\/mk_fancy_title][mk_padding_divider size=\u00a0\u00bb20&Prime;][vc_row_inner][vc_column_inner width=\u00a0\u00bb1\/2&Prime;][vc_single_image image=\u00a0\u00bb1245&Prime; img_size=\u00a0\u00bbfull\u00a0\u00bb alignment=\u00a0\u00bbcenter\u00a0\u00bb css=\u00a0\u00bb.vc_custom_1707747712418{border-top-width: 1px !important;border-right-width: 1px !important;border-bottom-width: 1px !important;border-left-width: 1px !important;background-color: #ebebeb !important;border-left-color: #dd3333 !important;border-left-style: solid !important;border-right-color: #dd3333 !important;border-right-style: solid !important;border-top-color: #dd3333 !important;border-top-style: solid !important;border-bottom-color: #dd3333 !important;border-bottom-style: solid !important;}\u00a0\u00bb][\/vc_column_inner][vc_column_inner width=\u00a0\u00bb1\/2&Prime;][vc_single_image image=\u00a0\u00bb1247&Prime; img_size=\u00a0\u00bbfull\u00a0\u00bb alignment=\u00a0\u00bbcenter\u00a0\u00bb css=\u00a0\u00bb.vc_custom_1707747741359{border-top-width: 1px !important;border-right-width: 1px !important;border-bottom-width: 1px !important;border-left-width: 1px !important;background-color: #ebebeb !important;border-left-color: #dd3333 !important;border-left-style: solid !important;border-right-color: #dd3333 !important;border-right-style: solid !important;border-top-color: #dd3333 !important;border-top-style: solid !important;border-bottom-color: #dd3333 !important;border-bottom-style: solid !important;}\u00a0\u00bb][\/vc_column_inner][\/vc_row_inner][\/vc_column][\/mk_page_section][vc_row][vc_column][vc_single_image image=\u00a0\u00bb729&Prime; img_size=\u00a0\u00bbfull\u00a0\u00bb alignment=\u00a0\u00bbcenter\u00a0\u00bb][\/vc_column][\/vc_row]\n<\/div>","protected":false},"excerpt":{"rendered":"<p>[mk_page_section bg_image=\u00a0\u00bbhttps:\/\/mayfairtavern.ca\/wp-content\/uploads\/2024\/01\/mayfair-quarts-2000&#215;1500-1.jpg\u00a0\u00bb bg_position=\u00a0\u00bbcenter center\u00a0\u00bb bg_repeat=\u00a0\u00bbno-repeat\u00a0\u00bb bg_stretch=\u00a0\u00bbtrue\u00a0\u00bb video_color_mask=\u00a0\u00bb#000000&Prime; min_height=\u00a0\u00bb400&Prime; full_width=\u00a0\u00bbtrue\u00a0\u00bb sidebar=\u00a0\u00bbsidebar-1&Prime;][vc_column][mk_fancy_title size=\u00a0\u00bb40&Prime; font_weight=\u00a0\u00bbbold\u00a0\u00bb margin_top=\u00a0\u00bb200&Prime; font_family=\u00a0\u00bbMontserrat\u00a0\u00bb font_type=\u00a0\u00bbgoogle\u00a0\u00bb align=\u00a0\u00bbcenter\u00a0\u00bb]Soif? Nous pouvons arranger cela![\/mk_fancy_title][\/vc_column][\/mk_page_section][mk_page_section][vc_column][mk_fancy_title size=\u00a0\u00bb30&Prime; font_weight=\u00a0\u00bb600&Prime; margin_top=\u00a0\u00bb25&Prime; font_family=\u00a0\u00bbnone\u00a0\u00bb]Bi\u00e8re, vin, boissons m\u00e9lang\u00e9es ou cocktails, quel [&hellip;]<\/p>\n","protected":false},"author":2,"featured_media":0,"parent":0,"menu_order":0,"comment_status":"closed","ping_status":"closed","template":"","meta":{"_monsterinsights_skip_tracking":false,"_monsterinsights_sitenote_active":false,"_monsterinsights_sitenote_note":"","_monsterinsights_sitenote_category":0,"footnotes":""},"class_list":["post-922","page","type-page","status-publish","hentry"],"_links":{"self":[{"href":"https:\/\/mayfairtavern.ca\/fr\/wp-json\/wp\/v2\/pages\/922","targetHints":{"allow":["GET"]}}],"collection":[{"href":"https:\/\/mayfairtavern.ca\/fr\/wp-json\/wp\/v2\/pages"}],"about":[{"href":"https:\/\/mayfairtavern.ca\/fr\/wp-json\/wp\/v2\/types\/page"}],"author":[{"embeddable":true,"href":"https:\/\/mayfairtavern.ca\/fr\/wp-json\/wp\/v2\/users\/2"}],"replies":[{"embeddable":true,"href":"https:\/\/mayfairtavern.ca\/fr\/wp-json\/wp\/v2\/comments?post=922"}],"version-history":[{"count":10,"href":"https:\/\/mayfairtavern.ca\/fr\/wp-json\/wp\/v2\/pages\/922\/revisions"}],"predecessor-version":[{"id":1249,"href":"https:\/\/mayfairtavern.ca\/fr\/wp-json\/wp\/v2\/pages\/922\/revisions\/1249"}],"wp:attachment":[{"href":"https:\/\/mayfairtavern.ca\/fr\/wp-json\/wp\/v2\/media?parent=922"}],"curies":[{"name":"wp","href":"https:\/\/api.w.org\/{rel}","templated":true}]}}