{"id":935,"date":"2023-03-12T15:21:45","date_gmt":"2023-03-12T19:21:45","guid":{"rendered":"https:\/\/mayfairtavern.ca\/home\/"},"modified":"2025-08-01T10:26:28","modified_gmt":"2025-08-01T14:26:28","slug":"accueil","status":"publish","type":"page","link":"https:\/\/mayfairtavern.ca\/fr\/","title":{"rendered":"Accueil"},"content":{"rendered":"<div class=\"wpb-content-wrapper\">[mk_page_section bg_repeat=\u00a0\u00bbno-repeat\u00a0\u00bb bg_stretch=\u00a0\u00bbtrue\u00a0\u00bb full_width=\u00a0\u00bbtrue\u00a0\u00bb sidebar=\u00a0\u00bbsidebar-1&Prime;][vc_column css=\u00a0\u00bb.vc_custom_1706205830046{margin-top: -20px !important;}\u00a0\u00bb][vc_column_text css=\u00a0\u00bb.vc_custom_1706563074806{margin-bottom: 0px !important;}\u00a0\u00bb][layerslider id=\u00a0\u00bb3&Prime;][\/vc_column_text][\/vc_column][\/mk_page_section][vc_row][vc_column][mk_fancy_title size=\u00a0\u00bb30&Prime; font_weight=\u00a0\u00bb600&Prime; margin_bottom=\u00a0\u00bb\u00a0\u00bb font_family=\u00a0\u00bbnone\u00a0\u00bb]Qu&rsquo;est-ce qui fait une bonne taverne de quartier ?[\/mk_fancy_title][vc_column_text css=\u00a0\u00bb.vc_custom_1706563276446{margin-bottom: 0px !important;}\u00a0\u00bb]La Taverne Mayfair a ouvert ses portes pour la premi\u00e8re fois dans les ann\u00e9es 1950. \u00c0 l&rsquo;\u00e9poque, les \u00ab\u00a0tavernes\u00a0\u00bb \u00e9taient un lieu d&rsquo;\u00e9vasion pour les hommes, qui pouvaient ainsi \u00e9chapper \u00e0 la routine de la vie quotidienne.[\/vc_column_text][mk_fancy_title size=\u00a0\u00bb25&Prime; font_weight=\u00a0\u00bb600&Prime; margin_bottom=\u00a0\u00bb0&Prime; font_family=\u00a0\u00bbnone\u00a0\u00bb]Les tavernes d&rsquo;aujourd&rsquo;hui sont TRES diff\u00e9rentes.[\/mk_fancy_title][vc_column_text css=\u00a0\u00bb.vc_custom_1706563328838{margin-bottom: 0px !important;}\u00a0\u00bb]Qu&rsquo;est-ce qui a chang\u00e9 exactement ? \u00c0 la Taverne Mayfair, nous y avons beaucoup r\u00e9fl\u00e9chi et nous avons \u00e9tabli une liste de contr\u00f4le de ce qui nous semble essentiel dans une bonne taverne de quartier.[\/vc_column_text][mk_fancy_title size=\u00a0\u00bb20&Prime; font_weight=\u00a0\u00bb500&Prime; margin_bottom=\u00a0\u00bb0&Prime; font_family=\u00a0\u00bbnone\u00a0\u00bb align=\u00a0\u00bbcenter\u00a0\u00bb]Heures d\u2019ouverture[\/mk_fancy_title][vc_column_text css=\u00a0\u00bb.vc_custom_1754058383844{margin-bottom: 0px !important;}\u00a0\u00bb]\n<p style=\"text-align: left;\">Restaurant Delibees sera ferm\u00e9 du 23 ao\u00fbt au 1re septembre. Le Mayfair sera ouvert!<\/p>\n<table>\n<tbody>\n<tr>\n<td style=\"text-align: right;\" width=\"161\"><strong>Lundi \/ Monday<\/strong><\/td>\n<td style=\"text-align: left;\" width=\"148\"><strong>11:00am \u2013 1:00am<\/strong><\/td>\n<td width=\"16\"><\/td>\n<td style=\"text-align: right;\" width=\"139\"><strong>Jeudi \/ Thursday<\/strong><\/td>\n<td style=\"text-align: left;\" width=\"151\"><strong>11:00am \u2013 2:00am<\/strong><\/td>\n<\/tr>\n<tr>\n<td style=\"text-align: right;\" width=\"161\"><strong>Mardi \/ Tuesday<\/strong><\/td>\n<td style=\"text-align: left;\" width=\"148\"><strong>11:00am \u2013 1:00am<\/strong><\/td>\n<td width=\"16\"><\/td>\n<td style=\"text-align: right;\" width=\"139\"><strong>Vendredi \/ Friday<\/strong><\/td>\n<td style=\"text-align: left;\" width=\"151\"><strong>11:00am \u2013 3:00am<\/strong><\/td>\n<\/tr>\n<tr>\n<td style=\"text-align: right;\" width=\"161\"><strong>Mercredi \/Wednesday<\/strong><\/td>\n<td style=\"text-align: left;\" width=\"148\"><strong>11:00am \u2013 1:00am<\/strong><\/td>\n<td width=\"16\"><\/td>\n<td style=\"text-align: right;\" width=\"139\"><strong>Samedi \/ Saturday<\/strong><\/td>\n<td style=\"text-align: left;\" width=\"151\"><strong>11:00am \u2013 3:00am<\/strong><\/td>\n<\/tr>\n<tr>\n<td width=\"161\"><\/td>\n<td width=\"148\"><\/td>\n<td width=\"16\"><\/td>\n<td width=\"139\"><\/td>\n<td width=\"151\"><\/td>\n<\/tr>\n<\/tbody>\n<\/table>\n[\/vc_column_text][vc_column_text align=\u00a0\u00bbcenter\u00a0\u00bb css=\u00a0\u00bb.vc_custom_1713733588727{margin-top: -50px !important;margin-bottom: 20px !important;}\u00a0\u00bb]\n<h4>Dimanche \/ Sunday &#8211; 11:00am \u2013 11:00pm<\/h4>\n[\/vc_column_text][\/vc_column][\/vc_row][vc_row][vc_column width=\u00a0\u00bb3\/12&Prime;][mk_fancy_title size=\u00a0\u00bb30&Prime; font_weight=\u00a0\u00bbbold\u00a0\u00bb margin_bottom=\u00a0\u00bb-10&Prime; font_family=\u00a0\u00bbMontserrat\u00a0\u00bb font_type=\u00a0\u00bbgoogle\u00a0\u00bb align=\u00a0\u00bbcenter\u00a0\u00bb]<a href=\"https:\/\/mayfairtavern.ca\/fr\/la_nourriture\/\"><span style=\"color: #ff0000;\">LA NOURRITURE<\/span><\/a>[\/mk_fancy_title][vc_single_image image=\u00a0\u00bb1102&Prime; img_size=\u00a0\u00bb300&#215;300&Prime; alignment=\u00a0\u00bbcenter\u00a0\u00bb onclick=\u00a0\u00bbcustom_link\u00a0\u00bb link=\u00a0\u00bbhttps:\/\/mayfairtavern.ca\/fr\/la_nourriture\/\u00a0\u00bb][\/vc_column][vc_column width=\u00a0\u00bb1\/12&Prime;][\/vc_column][vc_column width=\u00a0\u00bb4\/12&Prime;][mk_fancy_title size=\u00a0\u00bb30&Prime; font_weight=\u00a0\u00bbbold\u00a0\u00bb margin_bottom=\u00a0\u00bb-10&Prime; font_family=\u00a0\u00bbMontserrat\u00a0\u00bb font_type=\u00a0\u00bbgoogle\u00a0\u00bb align=\u00a0\u00bbcenter\u00a0\u00bb]<a href=\"https:\/\/mayfairtavern.ca\/fr\/breuvages\/\"><span style=\"color: #ff0000;\">BOISSONS<\/span><\/a>[\/mk_fancy_title][vc_single_image image=\u00a0\u00bb1010&Prime; img_size=\u00a0\u00bb300&#215;300&Prime; alignment=\u00a0\u00bbcenter\u00a0\u00bb onclick=\u00a0\u00bbcustom_link\u00a0\u00bb link=\u00a0\u00bbhttps:\/\/mayfairtavern.ca\/fr\/breuvages\/\u00a0\u00bb][\/vc_column][vc_column width=\u00a0\u00bb1\/12&Prime;][\/vc_column][vc_column width=\u00a0\u00bb3\/12&Prime;][mk_fancy_title size=\u00a0\u00bb30&Prime; font_weight=\u00a0\u00bbbold\u00a0\u00bb margin_bottom=\u00a0\u00bb-10&Prime; font_family=\u00a0\u00bbMontserrat\u00a0\u00bb font_type=\u00a0\u00bbgoogle\u00a0\u00bb align=\u00a0\u00bbcenter\u00a0\u00bb]<a href=\"https:\/\/mayfairtavern.ca\/events\/\"><span style=\"color: #ff0000;\">\u00c9V\u00c9NEMENTS<\/span><\/a>[\/mk_fancy_title][vc_images_carousel images=\u00a0\u00bb1020,1016,1018&Prime; img_size=\u00a0\u00bb300&#215;300&Prime; onclick=\u00a0\u00bbcustom_link\u00a0\u00bb autoplay=\u00a0\u00bbyes\u00a0\u00bb wrap=\u00a0\u00bbyes\u00a0\u00bb custom_links=\u00a0\u00bb#E-8_aHR0cHMlM0ElMkYlMkZtYXlmYWlydGF2ZXJuLmNhJTJGZXZlbnRzJTJG\u00a0\u00bb][\/vc_column][\/vc_row][vc_row][vc_column][vc_row_inner][vc_column_inner width=\u00a0\u00bb5\/12&Prime;][vc_column_text css=\u00a0\u00bb.vc_custom_1706563472630{margin-bottom: 0px !important;}\u00a0\u00bb]<strong>Atmosph\u00e8re conviviale<\/strong><br \/>\nUne atmosph\u00e8re accueillante et inclusive est essentielle. Les habitu\u00e9s, hommes et femmes, doivent se sentir en famille, et les nouveaux venus doivent se sentir suffisamment \u00e0 l&rsquo;aise pour devenir eux-m\u00eames des habitu\u00e9s du Mayfair.<\/p>\n<p><strong>Personnel attentif<\/strong><br \/>\nUn personnel amical, attentif et avenant contribue de mani\u00e8re significative \u00e0 l&rsquo;ambiance g\u00e9n\u00e9rale de la Taverne. Ils aiment engager la conversation avec les clients et font en sorte qu&rsquo;ils se sentent appr\u00e9ci\u00e9s.[\/vc_column_text][\/vc_column_inner][vc_column_inner width=\u00a0\u00bb2\/12&Prime;][\/vc_column_inner][vc_column_inner width=\u00a0\u00bb5\/12&Prime;][vc_column_text css=\u00a0\u00bb.vc_custom_1706563507678{margin-bottom: 0px !important;}\u00a0\u00bb]<strong>Des prix raisonnables<\/strong><br \/>\nLes prix justes et raisonnables des boissons et de la nourriture encouragent les clients \u00e0 fr\u00e9quenter r\u00e9guli\u00e8rement la taverne. Le Mayfair n&rsquo;est pas un \u00e9tablissement haut de gamme, c&rsquo;est pourquoi les prix sont abordables.<\/p>\n<p><strong>Bonne s\u00e9lection de boissons<\/strong><br \/>\nNous proposons une large s\u00e9lection de bi\u00e8res, locales et import\u00e9es. R\u00e9cemment, nous avons \u00e9largi notre offre de boissons pour inclure une vari\u00e9t\u00e9 de cocktails populaires. En g\u00e9n\u00e9ral, le Mayfair propose une bonne s\u00e9lection de bi\u00e8res, de vins et de spiritueux pour r\u00e9pondre \u00e0 tous les go\u00fbts.[\/vc_column_text][\/vc_column_inner][\/vc_row_inner][mk_padding_divider size=\u00a0\u00bb10&Prime;][vc_row_inner][vc_column_inner width=\u00a0\u00bb1\/6&Prime;][\/vc_column_inner][vc_column_inner width=\u00a0\u00bb4\/6&Prime;][vc_column_text css=\u00a0\u00bb.vc_custom_1706563650231{margin-bottom: 0px !important;}\u00a0\u00bb]\n<h3 class=\"widget-title\">Consultez cet excellent article dans \u00ab\u00a0Timeout\u00a0\u00bb !<\/h3>\n<div class=\"textwidget\">\n<p><a href=\"https:\/\/www.timeout.com\/montreal\/restaurants\/best-delis-in-montreal\" target=\"_blank\" rel=\"noopener\">https:\/\/www.timeout.com\/montreal\/restaurants\/best-delis-in-montreal<\/a><\/p>\n<\/div>\n[\/vc_column_text][\/vc_column_inner][vc_column_inner width=\u00a0\u00bb1\/6&Prime;][\/vc_column_inner][\/vc_row_inner][\/vc_column][\/vc_row][mk_page_section bg_image=\u00a0\u00bbhttps:\/\/mayfairtavern.ca\/wp-content\/uploads\/2024\/01\/stage-at-night-scaled-1.jpg\u00a0\u00bb attachment=\u00a0\u00bbfixed\u00a0\u00bb bg_position=\u00a0\u00bbcenter center\u00a0\u00bb bg_repeat=\u00a0\u00bbno-repeat\u00a0\u00bb bg_stretch=\u00a0\u00bbtrue\u00a0\u00bb padding_top=\u00a0\u00bb80&Prime; padding_bottom=\u00a0\u00bb100&Prime; sidebar=\u00a0\u00bbsidebar-1&Prime;][vc_column][mk_padding_divider][vc_row_inner][vc_column_inner width=\u00a0\u00bb1\/6&Prime;][\/vc_column_inner][vc_column_inner width=\u00a0\u00bb4\/6&Prime;][vc_wp_search][\/vc_column_inner][vc_column_inner width=\u00a0\u00bb1\/6&Prime;][\/vc_column_inner][\/vc_row_inner][\/vc_column][\/mk_page_section][mk_page_section padding_top=\u00a0\u00bb-100&Prime; sidebar=\u00a0\u00bbsidebar-1&Prime;][vc_column width=\u00a0\u00bb1\/2&Prime;][mk_padding_divider size=\u00a0\u00bb25&Prime;][vc_images_carousel images=\u00a0\u00bb1031,1025,1027,1034,1029&Prime; img_size=\u00a0\u00bb400&#215;400&Prime; mode=\u00a0\u00bbvertical\u00a0\u00bb autoplay=\u00a0\u00bbyes\u00a0\u00bb wrap=\u00a0\u00bbyes\u00a0\u00bb][\/vc_column][vc_column width=\u00a0\u00bb1\/2&Prime;][mk_padding_divider size=\u00a0\u00bb25&Prime;][mk_fancy_title size=\u00a0\u00bb25&Prime; font_weight=\u00a0\u00bb600&Prime; margin_bottom=\u00a0\u00bb0&Prime; font_family=\u00a0\u00bbnone\u00a0\u00bb]Options de divertissement[\/mk_fancy_title][vc_column_text css=\u00a0\u00bb.vc_custom_1706563696982{margin-bottom: 0px !important;}\u00a0\u00bb]La Taverne Mayfair propose un large choix de divertissements. Notre \u00ab\u00a0House Band\u00a0\u00bb est sans doute l&rsquo;un des groupes les plus soud\u00e9s de l&rsquo;ouest de l&rsquo;\u00eele. Il propose une liste de morceaux en constante \u00e9volution qui s&rsquo;adresse \u00e0 tous les \u00e2ges &#8211; le rock classique est l&rsquo;un de ses pr\u00e9f\u00e9r\u00e9s. Notre calendrier pr\u00e9sente g\u00e9n\u00e9ralement une vari\u00e9t\u00e9 de nouveaux groupes musicaux. En outre, nous organisons des soir\u00e9es karaok\u00e9, des quiz au pub et des soir\u00e9es jeux. Vous pouvez jouer au billard ou, si vous pr\u00e9f\u00e9rez, les nombreux \u00e9crans g\u00e9ants de t\u00e9l\u00e9vision sont parfaits pour les amateurs de sport. Pour ceux qui aiment jouer, nous proposons un choix de terminaux de loterie vid\u00e9o (TLV) parmi les plus populaires.[\/vc_column_text][\/vc_column][\/mk_page_section][vc_row][vc_column][mk_padding_divider size=\u00a0\u00bb25&Prime;][mk_fancy_title size=\u00a0\u00bb25&Prime; font_weight=\u00a0\u00bb600&Prime; margin_bottom=\u00a0\u00bb0&Prime; font_family=\u00a0\u00bbnone\u00a0\u00bb]Engagement communautaire[\/mk_fancy_title][vc_column_text css=\u00a0\u00bb.vc_custom_1706563745663{margin-bottom: 0px !important;}\u00a0\u00bb]En tant que bonne taverne de quartier, le Mayfair s&rsquo;implique souvent dans des \u00e9v\u00e9nements et des initiatives communautaires. Il peut s&rsquo;agir de parrainer des \u00e9quipes sportives locales, d&rsquo;organiser des collectes de fonds pour des causes caritatives ou de participer aux efforts de nettoyage du quartier. Contactez-nous pour plus d&rsquo;informations.[\/vc_column_text][\/vc_column][\/vc_row][vc_row][vc_column width=\u00a0\u00bb5\/12&Prime;][\/vc_column][vc_column width=\u00a0\u00bb2\/12&Prime;][\/vc_column][vc_column width=\u00a0\u00bb5\/12&Prime;][\/vc_column][\/vc_row]\n<\/div>","protected":false},"excerpt":{"rendered":"<p>[mk_page_section bg_repeat=\u00a0\u00bbno-repeat\u00a0\u00bb bg_stretch=\u00a0\u00bbtrue\u00a0\u00bb full_width=\u00a0\u00bbtrue\u00a0\u00bb sidebar=\u00a0\u00bbsidebar-1&Prime;][vc_column css=\u00a0\u00bb.vc_custom_1706205830046{margin-top: -20px !important;}\u00a0\u00bb][vc_column_text css=\u00a0\u00bb.vc_custom_1706563074806{margin-bottom: 0px !important;}\u00a0\u00bb][layerslider id=\u00a0\u00bb3&Prime;][\/vc_column_text][\/vc_column][\/mk_page_section][vc_row][vc_column][mk_fancy_title size=\u00a0\u00bb30&Prime; font_weight=\u00a0\u00bb600&Prime; margin_bottom=\u00a0\u00bb\u00a0\u00bb font_family=\u00a0\u00bbnone\u00a0\u00bb]Qu&rsquo;est-ce qui fait une bonne taverne de quartier ?[\/mk_fancy_title][vc_column_text css=\u00a0\u00bb.vc_custom_1706563276446{margin-bottom: 0px !important;}\u00a0\u00bb]La Taverne Mayfair a [&hellip;]<\/p>\n","protected":false},"author":1,"featured_media":0,"parent":0,"menu_order":0,"comment_status":"closed","ping_status":"closed","template":"","meta":{"_monsterinsights_skip_tracking":false,"_monsterinsights_sitenote_active":false,"_monsterinsights_sitenote_note":"","_monsterinsights_sitenote_category":0,"footnotes":""},"class_list":["post-935","page","type-page","status-publish","hentry"],"_links":{"self":[{"href":"https:\/\/mayfairtavern.ca\/fr\/wp-json\/wp\/v2\/pages\/935","targetHints":{"allow":["GET"]}}],"collection":[{"href":"https:\/\/mayfairtavern.ca\/fr\/wp-json\/wp\/v2\/pages"}],"about":[{"href":"https:\/\/mayfairtavern.ca\/fr\/wp-json\/wp\/v2\/types\/page"}],"author":[{"embeddable":true,"href":"https:\/\/mayfairtavern.ca\/fr\/wp-json\/wp\/v2\/users\/1"}],"replies":[{"embeddable":true,"href":"https:\/\/mayfairtavern.ca\/fr\/wp-json\/wp\/v2\/comments?post=935"}],"version-history":[{"count":22,"href":"https:\/\/mayfairtavern.ca\/fr\/wp-json\/wp\/v2\/pages\/935\/revisions"}],"predecessor-version":[{"id":2607,"href":"https:\/\/mayfairtavern.ca\/fr\/wp-json\/wp\/v2\/pages\/935\/revisions\/2607"}],"wp:attachment":[{"href":"https:\/\/mayfairtavern.ca\/fr\/wp-json\/wp\/v2\/media?parent=935"}],"curies":[{"name":"wp","href":"https:\/\/api.w.org\/{rel}","templated":true}]}}