{"id":943,"date":"2024-01-25T17:56:46","date_gmt":"2024-01-25T22:56:46","guid":{"rendered":"https:\/\/mayfairtavern.ca\/contact-us\/"},"modified":"2024-01-29T17:35:08","modified_gmt":"2024-01-29T22:35:08","slug":"contactez-nous","status":"publish","type":"page","link":"https:\/\/mayfairtavern.ca\/fr\/contactez-nous\/","title":{"rendered":"Contactez-nous"},"content":{"rendered":"<div class=\"wpb-content-wrapper\">[mk_page_section bg_image=\u00a0\u00bbhttps:\/\/mayfairtavern.ca\/wp-content\/uploads\/2024\/01\/1920&#215;600-winter-outdoor-1.jpg\u00a0\u00bb bg_repeat=\u00a0\u00bbno-repeat\u00a0\u00bb bg_stretch=\u00a0\u00bbtrue\u00a0\u00bb video_color_mask=\u00a0\u00bb#000000&Prime; min_height=\u00a0\u00bb400&Prime; full_width=\u00a0\u00bbtrue\u00a0\u00bb sidebar=\u00a0\u00bbsidebar-1&Prime;][vc_column][mk_fancy_title size=\u00a0\u00bb40&Prime; font_weight=\u00a0\u00bbbold\u00a0\u00bb margin_top=\u00a0\u00bb200&Prime; font_family=\u00a0\u00bbMontserrat\u00a0\u00bb font_type=\u00a0\u00bbgoogle\u00a0\u00bb align=\u00a0\u00bbcenter\u00a0\u00bb]<span style=\"color: #ffffff;\">Contactez la taverne Mayfair<\/span>[\/mk_fancy_title][\/vc_column][\/mk_page_section][vc_row][vc_column][mk_fancy_title size=\u00a0\u00bb25&Prime; font_weight=\u00a0\u00bb600&Prime; margin_top=\u00a0\u00bb25&Prime; font_family=\u00a0\u00bbnone\u00a0\u00bb]Conform\u00e9ment \u00e0 une longue tradition de tavernes <em>\u00ab\u00a0\u00e0 l&rsquo;ancienne\u00a0\u00bb <\/em>au Qu\u00e9bec, il n&rsquo;y a pas de ligne t\u00e9l\u00e9phonique au Mayfair.[\/mk_fancy_title][vc_column_text css=\u00a0\u00bb.vc_custom_1706565698783{margin-bottom: 0px !important;}\u00a0\u00bb]Cependant, dans un effort pour rester dans l&rsquo;air du temps, nous pouvons r\u00e9pondre \u00e0 votre courriel. Tous les champs ci-dessous doivent \u00eatre compl\u00e9t\u00e9s pour que le FORMULAIRE soit envoy\u00e9.[\/vc_column_text]\n<div class=\"wpcf7 no-js\" id=\"wpcf7-f1143-o1\" lang=\"en-US\" dir=\"ltr\" data-wpcf7-id=\"1143\">\n<div class=\"screen-reader-response\"><p role=\"status\" aria-live=\"polite\" aria-atomic=\"true\"><\/p> <ul><\/ul><\/div>\n<form action=\"\/fr\/wp-json\/wp\/v2\/pages\/943#wpcf7-f1143-o1\" method=\"post\" class=\"wpcf7-form init\" aria-label=\"Contact form\" novalidate=\"novalidate\" data-status=\"init\">\n<div style=\"display: none;\">\n<input type=\"hidden\" name=\"_wpcf7\" value=\"1143\" \/>\n<input type=\"hidden\" name=\"_wpcf7_version\" value=\"6.0.6\" \/>\n<input type=\"hidden\" name=\"_wpcf7_locale\" value=\"en_US\" \/>\n<input type=\"hidden\" name=\"_wpcf7_unit_tag\" value=\"wpcf7-f1143-o1\" \/>\n<input type=\"hidden\" name=\"_wpcf7_container_post\" value=\"0\" \/>\n<input type=\"hidden\" name=\"_wpcf7_posted_data_hash\" value=\"\" \/>\n<input type=\"hidden\" name=\"_wpcf7_recaptcha_response\" value=\"\" \/>\n<\/div>\n<div class=\"mk-form-row\">\n\t<div class=\"mk-form-half s_form-all\">\n\t\t<p><span class=\"wpcf7-form-control-wrap\" data-name=\"your-name\"><input size=\"40\" maxlength=\"400\" class=\"wpcf7-form-control wpcf7-text wpcf7-validates-as-required\" autocomplete=\"name\" aria-required=\"true\" aria-invalid=\"false\" placeholder=\"Nom du contact\" value=\"\" type=\"text\" name=\"your-name\" \/><\/span>\n\t\t<\/p>\n\t<\/div>\n\t<div class=\"mk-form-half s_form-all\">\n\t\t<p><span class=\"wpcf7-form-control-wrap\" data-name=\"your-company\"><input size=\"40\" maxlength=\"400\" class=\"wpcf7-form-control wpcf7-text wpcf7-validates-as-required\" autocomplete=\"company\" aria-required=\"true\" aria-invalid=\"false\" placeholder=\"Nom de l&#039;entreprise\" value=\"\" type=\"text\" name=\"your-company\" \/><\/span>\n\t\t<\/p>\n\t<\/div>\n<\/div>\n<div class=\"mk-form-row\">\n\t<div class=\"mk-form-half s_form-all\">\n\t\t<p><span class=\"wpcf7-form-control-wrap\" data-name=\"your-email\"><input size=\"40\" maxlength=\"400\" class=\"wpcf7-form-control wpcf7-email wpcf7-validates-as-required wpcf7-text wpcf7-validates-as-email\" autocomplete=\"email\" aria-required=\"true\" aria-invalid=\"false\" placeholder=\"Courriel\" value=\"\" type=\"email\" name=\"your-email\" \/><\/span>\n\t\t<\/p>\n\t<\/div>\n\t<div class=\"mk-form-half s_form-all\">\n\t\t<p><span class=\"wpcf7-form-control-wrap\" data-name=\"your-telephone\"><input size=\"40\" maxlength=\"400\" class=\"wpcf7-form-control wpcf7-tel wpcf7-validates-as-required wpcf7-text wpcf7-validates-as-tel\" autocomplete=\"telephone\" aria-required=\"true\" aria-invalid=\"false\" placeholder=\"T\u00e9l\u00e9phone\" value=\"\" type=\"tel\" name=\"your-telephone\" \/><\/span>\n\t\t<\/p>\n\t<\/div>\n<\/div>\n<div class=\"mk-form-row\">\n\t<div class=\"mk-form-half s_form-all\">\n\t\t<p><span class=\"wpcf7-form-control-wrap\" data-name=\"your-email-confirm\"><input size=\"40\" maxlength=\"400\" class=\"wpcf7-form-control wpcf7-email wpcf7-validates-as-required wpcf7-text wpcf7-validates-as-email\" aria-required=\"true\" aria-invalid=\"false\" placeholder=\"Confirmer courriel\" value=\"\" type=\"email\" name=\"your-email-confirm\" \/><\/span>\n\t\t<\/p>\n\t<\/div>\n\t<div class=\"mk-form-half s_form-all\">\n\t\t<p><span class=\"wpcf7-form-control-wrap\" data-name=\"your-subject\"><select class=\"wpcf7-form-control wpcf7-select wpcf7-validates-as-required this-subject\" id=\"This-Subject\" aria-required=\"true\" aria-invalid=\"false\" name=\"your-subject\"><option value=\"\">&#8212;Please choose an option&#8212;<\/option><option value=\"Renseignements g\u00e9n\u00e9raux\">Renseignements g\u00e9n\u00e9raux<\/option><option value=\"Soir\u00e9e priv\u00e9e\">Soir\u00e9e priv\u00e9e<\/option><option value=\"\u00c9v\u00e9nement public\">\u00c9v\u00e9nement public<\/option><option value=\"Musique et groupes\">Musique et groupes<\/option><\/select><\/span>\n\t\t<\/p>\n\t<\/div>\n<\/div>\n<div class=\"mk-form-row\">\n\t<div class=\"mk-form-full s_form-all\">\n\t\t<p><span class=\"wpcf7-form-control-wrap\" data-name=\"your-note\"><textarea cols=\"40\" rows=\"10\" maxlength=\"500\" class=\"wpcf7-form-control wpcf7-textarea s_txt-input\" aria-invalid=\"false\" placeholder=\"Note\" name=\"your-note\"><\/textarea><\/span>\n\t\t<\/p>\n\t<\/div>\n<\/div>\n<div class=\"mk-form-row ctm-button\" style=\"float:left;\">\n\t<p><input class=\"wpcf7-form-control wpcf7-submit has-spinner mk-progress-button\" type=\"submit\" value=\"Submit\" \/>\n\t<\/p>\n<\/div><div class=\"wpcf7-response-output\" aria-hidden=\"true\"><\/div>\n<\/form>\n<\/div>\n[\/vc_column][\/vc_row][vc_row][vc_column][\/vc_column][\/vc_row][mk_page_section bg_stretch=\u00a0\u00bbtrue\u00a0\u00bb full_width=\u00a0\u00bbtrue\u00a0\u00bb sidebar=\u00a0\u00bbsidebar-1&Prime;][vc_column][vc_column_text css=\u00a0\u00bb.vc_custom_1706565808511{margin-bottom: 0px !important;}\u00a0\u00bb]<iframe loading=\"lazy\" style=\"border: 0;\" src=\"https:\/\/www.google.com\/maps\/embed?pb=!1m14!1m8!1m3!1d11195.846026875994!2d-73.7922973!3d45.4504318!3m2!1i1024!2i768!4f13.1!3m3!1m2!1s0x4cc93d1060ac1c75%3A0x5777a63e39205f2f!2sMayfair%20Tavern!5e0!3m2!1sen!2sca!4v1706295336454!5m2!1sen!2sca\" width=\"600\" height=\"450\" allowfullscreen=\"allowfullscreen\"><\/iframe>[\/vc_column_text][\/vc_column][\/mk_page_section]\n<\/div>","protected":false},"excerpt":{"rendered":"<p>[mk_page_section bg_image=\u00a0\u00bbhttps:\/\/mayfairtavern.ca\/wp-content\/uploads\/2024\/01\/1920&#215;600-winter-outdoor-1.jpg\u00a0\u00bb bg_repeat=\u00a0\u00bbno-repeat\u00a0\u00bb bg_stretch=\u00a0\u00bbtrue\u00a0\u00bb video_color_mask=\u00a0\u00bb#000000&Prime; min_height=\u00a0\u00bb400&Prime; full_width=\u00a0\u00bbtrue\u00a0\u00bb sidebar=\u00a0\u00bbsidebar-1&Prime;][vc_column][mk_fancy_title size=\u00a0\u00bb40&Prime; font_weight=\u00a0\u00bbbold\u00a0\u00bb margin_top=\u00a0\u00bb200&Prime; font_family=\u00a0\u00bbMontserrat\u00a0\u00bb font_type=\u00a0\u00bbgoogle\u00a0\u00bb align=\u00a0\u00bbcenter\u00a0\u00bb]Contactez la taverne Mayfair[\/mk_fancy_title][\/vc_column][\/mk_page_section][vc_row][vc_column][mk_fancy_title size=\u00a0\u00bb25&Prime; font_weight=\u00a0\u00bb600&Prime; margin_top=\u00a0\u00bb25&Prime; font_family=\u00a0\u00bbnone\u00a0\u00bb]Conform\u00e9ment \u00e0 une longue tradition de tavernes \u00ab\u00a0\u00e0 l&rsquo;ancienne\u00a0\u00bb au [&hellip;]<\/p>\n","protected":false},"author":2,"featured_media":0,"parent":0,"menu_order":0,"comment_status":"closed","ping_status":"closed","template":"","meta":{"_monsterinsights_skip_tracking":false,"_monsterinsights_sitenote_active":false,"_monsterinsights_sitenote_note":"","_monsterinsights_sitenote_category":0,"footnotes":""},"class_list":["post-943","page","type-page","status-publish","hentry"],"_links":{"self":[{"href":"https:\/\/mayfairtavern.ca\/fr\/wp-json\/wp\/v2\/pages\/943","targetHints":{"allow":["GET"]}}],"collection":[{"href":"https:\/\/mayfairtavern.ca\/fr\/wp-json\/wp\/v2\/pages"}],"about":[{"href":"https:\/\/mayfairtavern.ca\/fr\/wp-json\/wp\/v2\/types\/page"}],"author":[{"embeddable":true,"href":"https:\/\/mayfairtavern.ca\/fr\/wp-json\/wp\/v2\/users\/2"}],"replies":[{"embeddable":true,"href":"https:\/\/mayfairtavern.ca\/fr\/wp-json\/wp\/v2\/comments?post=943"}],"version-history":[{"count":10,"href":"https:\/\/mayfairtavern.ca\/fr\/wp-json\/wp\/v2\/pages\/943\/revisions"}],"predecessor-version":[{"id":1144,"href":"https:\/\/mayfairtavern.ca\/fr\/wp-json\/wp\/v2\/pages\/943\/revisions\/1144"}],"wp:attachment":[{"href":"https:\/\/mayfairtavern.ca\/fr\/wp-json\/wp\/v2\/media?parent=943"}],"curies":[{"name":"wp","href":"https:\/\/api.w.org\/{rel}","templated":true}]}}