{"id":960,"date":"2024-01-26T07:39:44","date_gmt":"2024-01-26T12:39:44","guid":{"rendered":"https:\/\/mayfairtavern.ca\/gallery\/"},"modified":"2024-02-04T15:42:50","modified_gmt":"2024-02-04T20:42:50","slug":"galerie","status":"publish","type":"page","link":"https:\/\/mayfairtavern.ca\/fr\/galerie\/","title":{"rendered":"GALERIE"},"content":{"rendered":"<div class=\"wpb-content-wrapper\">[mk_page_section bg_image=\u00a0\u00bbhttps:\/\/mayfairtavern.ca\/wp-content\/uploads\/2024\/01\/mayfair-house-cards.jpg\u00a0\u00bb bg_position=\u00a0\u00bbcenter top\u00a0\u00bb bg_repeat=\u00a0\u00bbno-repeat\u00a0\u00bb bg_stretch=\u00a0\u00bbtrue\u00a0\u00bb video_color_mask=\u00a0\u00bb#000000&Prime; min_height=\u00a0\u00bb400&Prime; full_width=\u00a0\u00bbtrue\u00a0\u00bb sidebar=\u00a0\u00bbsidebar-1&Prime;][vc_column][mk_fancy_title size=\u00a0\u00bb40&Prime; font_weight=\u00a0\u00bbbold\u00a0\u00bb margin_top=\u00a0\u00bb200&Prime; font_family=\u00a0\u00bbMontserrat\u00a0\u00bb font_type=\u00a0\u00bbgoogle\u00a0\u00bb align=\u00a0\u00bbcenter\u00a0\u00bb]<span style=\"color: #ffffff;\">Regardez \u00e0 l\u2019int\u00e9rieur de la taverne Mayfair<\/span>[\/mk_fancy_title][\/vc_column][\/mk_page_section][vc_row][vc_column][mk_fancy_title size=\u00a0\u00bb30&Prime; font_weight=\u00a0\u00bb600&Prime; margin_top=\u00a0\u00bb25&Prime; margin_bottom=\u00a0\u00bb0&Prime; font_family=\u00a0\u00bbnone\u00a0\u00bb]Faites d\u00e9filer vers le bas pour d\u00e9couvrir notre collection croissante d&rsquo;images et de clips vid\u00e9o pr\u00e9sentant le personnel, le \u00ab\u00a0House Band\u00a0\u00bb et les \u00e9v\u00e9nements.[\/mk_fancy_title][\/vc_column][\/vc_row][vc_row][vc_column width=\u00a0\u00bb1\/2&Prime;][mk_padding_divider size=\u00a0\u00bb60&Prime;][vc_images_carousel images=\u00a0\u00bb1044,1042,1046,1162&Prime; img_size=\u00a0\u00bb400&#215;400&Prime; autoplay=\u00a0\u00bbyes\u00a0\u00bb wrap=\u00a0\u00bbyes\u00a0\u00bb][\/vc_column][vc_column width=\u00a0\u00bb1\/2&Prime;][mk_fancy_title size=\u00a0\u00bb25&Prime; font_weight=\u00a0\u00bb600&Prime; margin_top=\u00a0\u00bb20&Prime; margin_bottom=\u00a0\u00bb0&Prime; font_family=\u00a0\u00bbnone\u00a0\u00bb]Notre personnel de bar[\/mk_fancy_title][vc_column_text css=\u00a0\u00bb.vc_custom_1706667949733{margin-top: -20px !important;margin-bottom: 0px !important;}\u00a0\u00bb]L&rsquo;excellence du service et l&rsquo;attention port\u00e9e aux d\u00e9tails par notre personnel de service professionnel contribuent largement \u00e0 faire de vous un habitu\u00e9 du Mayfair.<\/p>\n<p><strong>Alana, Karen, Ali, Aly Kat &amp; Jimmy<\/strong> sont des &lsquo;bartenders&rsquo; professionnels qualifi\u00e9s. Elles aiment leur r\u00f4le et rendent le service agr\u00e9able.<\/p>\n<ul>\n<li>Bi\u00e8re \u00e0 la pression,<br \/>\nNos bi\u00e8res pr\u00e9f\u00e9r\u00e9es en bouteille<br \/>\nUn cocktail savoureux<br \/>\nou un shot de Tequila<\/li>\n<\/ul>\n<p>Leur personnalit\u00e9 p\u00e9tillante est contagieuse &#8211; vous savez imm\u00e9diatement que vous \u00eates entr\u00e9 dans un endroit sp\u00e9cial.[\/vc_column_text][\/vc_column][\/vc_row][mk_page_section][vc_column][mk_fancy_title size=\u00a0\u00bb25&Prime; font_weight=\u00a0\u00bb600&Prime; margin_top=\u00a0\u00bb20&Prime; margin_bottom=\u00a0\u00bb0&Prime; font_family=\u00a0\u00bbnone\u00a0\u00bb]L&rsquo;orchestre de la maison (I Know Those Guys!)[\/mk_fancy_title][vc_column_text css=\u00a0\u00bb.vc_custom_1706668001052{margin-top: -20px !important;margin-bottom: 0px !important;}\u00a0\u00bb]L&rsquo;orchestre de l&rsquo;\u00e9tablissement se produit r\u00e9guli\u00e8rement le vendredi soir. Le groupe est compos\u00e9 de <strong>Myles<\/strong> \u00e0 la guitare et au chant, de <strong>Phil<\/strong> \u00e0 la basse et de <strong>Jay<\/strong> aux percussions et au chant. Il y a souvent un musicien invit\u00e9 \u00e0 l&rsquo;improviste &#8211; on ne sait jamais qui peut passer ?[\/vc_column_text][\/vc_column][\/mk_page_section][vc_row][vc_column width=\u00a0\u00bb3\/12&Prime;][vc_images_carousel images=\u00a0\u00bb1051,1055,1053&Prime; img_size=\u00a0\u00bb300&#215;300&Prime; autoplay=\u00a0\u00bbyes\u00a0\u00bb wrap=\u00a0\u00bbyes\u00a0\u00bb][\/vc_column][vc_column width=\u00a0\u00bb1\/12&Prime;][\/vc_column][vc_column width=\u00a0\u00bb8\/12&Prime;][vc_video link=\u00a0\u00bbhttps:\/\/youtu.be\/OpwOmmk9dXY\u00a0\u00bb][\/vc_column][\/vc_row][mk_page_section][vc_column width=\u00a0\u00bb5\/12&Prime;][mk_fancy_title size=\u00a0\u00bb30&Prime; font_weight=\u00a0\u00bbbold\u00a0\u00bb margin_bottom=\u00a0\u00bb0&Prime; font_family=\u00a0\u00bbnone\u00a0\u00bb align=\u00a0\u00bbcenter\u00a0\u00bb]2023[\/mk_fancy_title][vc_images_carousel images=\u00a0\u00bb1074,1055,1072,1078,1076&Prime; img_size=\u00a0\u00bb400&#215;400&Prime; autoplay=\u00a0\u00bbyes\u00a0\u00bb wrap=\u00a0\u00bbyes\u00a0\u00bb][\/vc_column][vc_column width=\u00a0\u00bb2\/12&Prime;][\/vc_column][vc_column width=\u00a0\u00bb5\/12&Prime;][mk_fancy_title size=\u00a0\u00bb30&Prime; font_weight=\u00a0\u00bbbold\u00a0\u00bb margin_bottom=\u00a0\u00bb0&Prime; font_family=\u00a0\u00bbnone\u00a0\u00bb align=\u00a0\u00bbcenter\u00a0\u00bb]2024[\/mk_fancy_title][vc_images_carousel images=\u00a0\u00bb1061,1065,1067,1063&Prime; img_size=\u00a0\u00bb400&#215;400&Prime; autoplay=\u00a0\u00bbyes\u00a0\u00bb wrap=\u00a0\u00bbyes\u00a0\u00bb][\/vc_column][\/mk_page_section][vc_row][vc_column][\/vc_column][\/vc_row][mk_page_section bg_image=\u00a0\u00bbhttps:\/\/mayfairtavern.ca\/wp-content\/uploads\/2024\/01\/mayfair-haloween-group.jpg\u00a0\u00bb attachment=\u00a0\u00bbfixed\u00a0\u00bb bg_position=\u00a0\u00bbcenter center\u00a0\u00bb bg_repeat=\u00a0\u00bbno-repeat\u00a0\u00bb bg_stretch=\u00a0\u00bbtrue\u00a0\u00bb min_height=\u00a0\u00bb500&Prime; full_width=\u00a0\u00bbtrue\u00a0\u00bb sidebar=\u00a0\u00bbsidebar-1&Prime;][vc_column][\/vc_column][\/mk_page_section][vc_row][vc_column][mk_fancy_title size=\u00a0\u00bb25&Prime; font_weight=\u00a0\u00bb600&Prime; margin_top=\u00a0\u00bb20&Prime; margin_bottom=\u00a0\u00bb0&Prime; font_family=\u00a0\u00bbnone\u00a0\u00bb align=\u00a0\u00bbcenter\u00a0\u00bb]Le plaisir d&rsquo;Halloween Octobre 2023[\/mk_fancy_title][\/vc_column][\/vc_row]\n<\/div>","protected":false},"excerpt":{"rendered":"<p>[mk_page_section bg_image=\u00a0\u00bbhttps:\/\/mayfairtavern.ca\/wp-content\/uploads\/2024\/01\/mayfair-house-cards.jpg\u00a0\u00bb bg_position=\u00a0\u00bbcenter top\u00a0\u00bb bg_repeat=\u00a0\u00bbno-repeat\u00a0\u00bb bg_stretch=\u00a0\u00bbtrue\u00a0\u00bb video_color_mask=\u00a0\u00bb#000000&Prime; min_height=\u00a0\u00bb400&Prime; full_width=\u00a0\u00bbtrue\u00a0\u00bb sidebar=\u00a0\u00bbsidebar-1&Prime;][vc_column][mk_fancy_title size=\u00a0\u00bb40&Prime; font_weight=\u00a0\u00bbbold\u00a0\u00bb margin_top=\u00a0\u00bb200&Prime; font_family=\u00a0\u00bbMontserrat\u00a0\u00bb font_type=\u00a0\u00bbgoogle\u00a0\u00bb align=\u00a0\u00bbcenter\u00a0\u00bb]Regardez \u00e0 l\u2019int\u00e9rieur de la taverne Mayfair[\/mk_fancy_title][\/vc_column][\/mk_page_section][vc_row][vc_column][mk_fancy_title size=\u00a0\u00bb30&Prime; font_weight=\u00a0\u00bb600&Prime; margin_top=\u00a0\u00bb25&Prime; margin_bottom=\u00a0\u00bb0&Prime; font_family=\u00a0\u00bbnone\u00a0\u00bb]Faites d\u00e9filer vers le [&hellip;]<\/p>\n","protected":false},"author":2,"featured_media":0,"parent":0,"menu_order":0,"comment_status":"closed","ping_status":"closed","template":"","meta":{"_monsterinsights_skip_tracking":false,"_monsterinsights_sitenote_active":false,"_monsterinsights_sitenote_note":"","_monsterinsights_sitenote_category":0,"footnotes":""},"class_list":["post-960","page","type-page","status-publish","hentry"],"_links":{"self":[{"href":"https:\/\/mayfairtavern.ca\/fr\/wp-json\/wp\/v2\/pages\/960","targetHints":{"allow":["GET"]}}],"collection":[{"href":"https:\/\/mayfairtavern.ca\/fr\/wp-json\/wp\/v2\/pages"}],"about":[{"href":"https:\/\/mayfairtavern.ca\/fr\/wp-json\/wp\/v2\/types\/page"}],"author":[{"embeddable":true,"href":"https:\/\/mayfairtavern.ca\/fr\/wp-json\/wp\/v2\/users\/2"}],"replies":[{"embeddable":true,"href":"https:\/\/mayfairtavern.ca\/fr\/wp-json\/wp\/v2\/comments?post=960"}],"version-history":[{"count":10,"href":"https:\/\/mayfairtavern.ca\/fr\/wp-json\/wp\/v2\/pages\/960\/revisions"}],"predecessor-version":[{"id":1164,"href":"https:\/\/mayfairtavern.ca\/fr\/wp-json\/wp\/v2\/pages\/960\/revisions\/1164"}],"wp:attachment":[{"href":"https:\/\/mayfairtavern.ca\/fr\/wp-json\/wp\/v2\/media?parent=960"}],"curies":[{"name":"wp","href":"https:\/\/api.w.org\/{rel}","templated":true}]}}